{"id":6814,"date":"2026-03-10T12:15:21","date_gmt":"2026-03-10T12:15:21","guid":{"rendered":"https:\/\/ascarago.com\/product\/%e5%a5%bd%e5%b7%b4%e9%a3%9f-haobashi-tofu-seche-saveurs-melangees-style-nanxi-400g\/"},"modified":"2026-03-10T12:16:06","modified_gmt":"2026-03-10T12:16:06","slug":"haobashi-tofu-seche-style-nanxi-400g","status":"publish","type":"product","link":"https:\/\/ascarago.com\/fr\/produit\/haobashi-tofu-seche-style-nanxi-400g\/","title":{"rendered":"\u597d\u5df4\u98df (haobashi) Tofu S\u00e9ch\u00e9 Saveurs M\u00e9lang\u00e9es \u2013 Style Nanxi 400g"},"content":{"rendered":"<p>Produit \u00e0 base de soja. Paquets individuels avec 4 saveurs m\u00e9lang\u00e9es : \u00e9pic\u00e9, piment marin\u00e9, cinq-\u00e9pices, barbecue. Poids net : 400g.<\/p>\n","protected":false},"excerpt":{"rendered":"<p>\u26a0\ufe0fVeuillez v\u00e9rifier la liste des ingr\u00e9dients pr\u00e9sent\u00e9e dans les images du produit pour \u26a0\ufe0fles allerg\u00e8nes \u00e9ventuels.<\/p>\n","protected":false},"featured_media":6336,"template":"","meta":{"_acf_changed":false,"om_disable_all_campaigns":false,"_uag_custom_page_level_css":"","site-sidebar-layout":"default","site-content-layout":"","ast-site-content-layout":"default","site-content-style":"default","site-sidebar-style":"default","ast-global-header-display":"","ast-banner-title-visibility":"","ast-main-header-display":"","ast-hfb-above-header-display":"","ast-hfb-below-header-display":"","ast-hfb-mobile-header-display":"","site-post-title":"","ast-breadcrumbs-content":"","ast-featured-img":"","footer-sml-layout":"","ast-disable-related-posts":"","theme-transparent-header-meta":"","adv-header-id-meta":"","stick-header-meta":"","header-above-stick-meta":"","header-main-stick-meta":"","header-below-stick-meta":"","astra-migrate-meta-layouts":"default","ast-page-background-enabled":"default","ast-page-background-meta":{"desktop":{"background-color":"","background-image":"","background-repeat":"repeat","background-position":"center center","background-size":"auto","background-attachment":"scroll","background-type":"","background-media":"","overlay-type":"","overlay-color":"","overlay-opacity":"","overlay-gradient":""},"tablet":{"background-color":"","background-image":"","background-repeat":"repeat","background-position":"center center","background-size":"auto","background-attachment":"scroll","background-type":"","background-media":"","overlay-type":"","overlay-color":"","overlay-opacity":"","overlay-gradient":""},"mobile":{"background-color":"","background-image":"","background-repeat":"repeat","background-position":"center center","background-size":"auto","background-attachment":"scroll","background-type":"","background-media":"","overlay-type":"","overlay-color":"","overlay-opacity":"","overlay-gradient":""}},"ast-content-background-meta":{"desktop":{"background-color":"var(--ast-global-color-5)","background-image":"","background-repeat":"repeat","background-position":"center center","background-size":"auto","background-attachment":"scroll","background-type":"","background-media":"","overlay-type":"","overlay-color":"","overlay-opacity":"","overlay-gradient":""},"tablet":{"background-color":"var(--ast-global-color-5)","background-image":"","background-repeat":"repeat","background-position":"center center","background-size":"auto","background-attachment":"scroll","background-type":"","background-media":"","overlay-type":"","overlay-color":"","overlay-opacity":"","overlay-gradient":""},"mobile":{"background-color":"var(--ast-global-color-5)","background-image":"","background-repeat":"repeat","background-position":"center center","background-size":"auto","background-attachment":"scroll","background-type":"","background-media":"","overlay-type":"","overlay-color":"","overlay-opacity":"","overlay-gradient":""}}},"product_brand":[857],"product_cat":[359,377,380],"product_tag":[],"class_list":{"0":"post-6814","1":"product","2":"type-product","3":"status-publish","4":"has-post-thumbnail","6":"product_brand-haobashi","7":"product_cat-snacks","8":"product_cat-snacks-au-soja","9":"product_cat-snacks-epices","10":"pa_flavor-epice","11":"desktop-align-center","12":"tablet-align-center","13":"mobile-align-center","14":"ast-product-gallery-layout-vertical-slider","15":"ast-product-gallery-with-no-image","16":"ast-product-tabs-layout-distributed","17":"ast-qv-after-summary","19":"first","20":"instock","21":"taxable","22":"shipping-taxable","23":"purchasable","24":"product-type-simple"},"acf":[],"uagb_featured_image_src":{"full":["https:\/\/ascarago.com\/wp-content\/uploads\/2026\/03\/haobashi-nanxi-dougan-400g-front.webp",1200,1200,false],"thumbnail":["https:\/\/ascarago.com\/wp-content\/uploads\/2026\/03\/haobashi-nanxi-dougan-400g-front-150x150.webp",150,150,true],"medium":["https:\/\/ascarago.com\/wp-content\/uploads\/2026\/03\/haobashi-nanxi-dougan-400g-front-300x300.webp",300,300,true],"medium_large":["https:\/\/ascarago.com\/wp-content\/uploads\/2026\/03\/haobashi-nanxi-dougan-400g-front-768x768.webp",768,768,true],"large":["https:\/\/ascarago.com\/wp-content\/uploads\/2026\/03\/haobashi-nanxi-dougan-400g-front-1024x1024.webp",1024,1024,true],"1536x1536":["https:\/\/ascarago.com\/wp-content\/uploads\/2026\/03\/haobashi-nanxi-dougan-400g-front.webp",1200,1200,false],"2048x2048":["https:\/\/ascarago.com\/wp-content\/uploads\/2026\/03\/haobashi-nanxi-dougan-400g-front.webp",1200,1200,false],"alm-thumbnail":["https:\/\/ascarago.com\/wp-content\/uploads\/2026\/03\/haobashi-nanxi-dougan-400g-front.webp",150,150,false],"woocommerce_thumbnail":["https:\/\/ascarago.com\/wp-content\/uploads\/2026\/03\/haobashi-nanxi-dougan-400g-front-300x300.webp",300,300,true],"woocommerce_single":["https:\/\/ascarago.com\/wp-content\/uploads\/2026\/03\/haobashi-nanxi-dougan-400g-front-600x600.webp",600,600,true],"woocommerce_gallery_thumbnail":["https:\/\/ascarago.com\/wp-content\/uploads\/2026\/03\/haobashi-nanxi-dougan-400g-front-100x100.webp",100,100,true]},"uagb_author_info":{"display_name":"ZHANGYUJIE","author_link":"https:\/\/ascarago.com\/fr\/author\/"},"uagb_comment_info":0,"uagb_excerpt":"\u26a0\ufe0fVeuillez v\u00e9rifier la liste des ingr\u00e9dients pr\u00e9sent\u00e9e dans les images du produit pour \u26a0\ufe0fles allerg\u00e8nes \u00e9ventuels.","_links":{"self":[{"href":"https:\/\/ascarago.com\/fr\/wp-json\/wp\/v2\/product\/6814","targetHints":{"allow":["GET"]}}],"collection":[{"href":"https:\/\/ascarago.com\/fr\/wp-json\/wp\/v2\/product"}],"about":[{"href":"https:\/\/ascarago.com\/fr\/wp-json\/wp\/v2\/types\/product"}],"wp:featuredmedia":[{"embeddable":true,"href":"https:\/\/ascarago.com\/fr\/wp-json\/wp\/v2\/media\/6336"}],"wp:attachment":[{"href":"https:\/\/ascarago.com\/fr\/wp-json\/wp\/v2\/media?parent=6814"}],"wp:term":[{"taxonomy":"product_brand","embeddable":true,"href":"https:\/\/ascarago.com\/fr\/wp-json\/wp\/v2\/product_brand?post=6814"},{"taxonomy":"product_cat","embeddable":true,"href":"https:\/\/ascarago.com\/fr\/wp-json\/wp\/v2\/product_cat?post=6814"},{"taxonomy":"product_tag","embeddable":true,"href":"https:\/\/ascarago.com\/fr\/wp-json\/wp\/v2\/product_tag?post=6814"}],"curies":[{"name":"wp","href":"https:\/\/api.w.org\/{rel}","templated":true}]}}