{"id":6745,"date":"2026-03-09T20:00:45","date_gmt":"2026-03-09T20:00:45","guid":{"rendered":"https:\/\/ascarago.com\/product\/%e5%be%bd%e8%ae%b0-huiji-galettes-croustillantes-aux-cereales-dorge-286g-snack-sans-friture\/"},"modified":"2026-03-09T20:01:27","modified_gmt":"2026-03-09T20:01:27","slug":"huiji-galettes-croustillantes-orge-cereales-286g","status":"publish","type":"product","link":"https:\/\/ascarago.com\/fr\/produit\/huiji-galettes-croustillantes-orge-cereales-286g\/","title":{"rendered":"\u5fbd\u8bb0 (huiji) Galettes Croustillantes Aux C\u00e9r\u00e9ales D\u2019orge 286g \u2013 Snack Sans Friture"},"content":{"rendered":"<p>Snack m\u00e9lange de c\u00e9r\u00e9ales et noix \u2013 Orge, cacahu\u00e8tes, graines de citrouille, amandes &amp; s\u00e9same. Non frit, cuit au four, croustillant. Paquets individuels. Poids net : 286g.<\/p>\n","protected":false},"excerpt":{"rendered":"<p>\u26a0\ufe0fVeuillez v\u00e9rifier la liste des ingr\u00e9dients pr\u00e9sent\u00e9e dans les images du produit pour \u26a0\ufe0fles allerg\u00e8nes \u00e9ventuels.<\/p>\n","protected":false},"featured_media":6286,"template":"","meta":{"_acf_changed":false,"om_disable_all_campaigns":false,"_uag_custom_page_level_css":"","site-sidebar-layout":"default","site-content-layout":"","ast-site-content-layout":"default","site-content-style":"default","site-sidebar-style":"default","ast-global-header-display":"","ast-banner-title-visibility":"","ast-main-header-display":"","ast-hfb-above-header-display":"","ast-hfb-below-header-display":"","ast-hfb-mobile-header-display":"","site-post-title":"","ast-breadcrumbs-content":"","ast-featured-img":"","footer-sml-layout":"","ast-disable-related-posts":"","theme-transparent-header-meta":"","adv-header-id-meta":"","stick-header-meta":"","header-above-stick-meta":"","header-main-stick-meta":"","header-below-stick-meta":"","astra-migrate-meta-layouts":"default","ast-page-background-enabled":"default","ast-page-background-meta":{"desktop":{"background-color":"","background-image":"","background-repeat":"repeat","background-position":"center center","background-size":"auto","background-attachment":"scroll","background-type":"","background-media":"","overlay-type":"","overlay-color":"","overlay-opacity":"","overlay-gradient":""},"tablet":{"background-color":"","background-image":"","background-repeat":"repeat","background-position":"center center","background-size":"auto","background-attachment":"scroll","background-type":"","background-media":"","overlay-type":"","overlay-color":"","overlay-opacity":"","overlay-gradient":""},"mobile":{"background-color":"","background-image":"","background-repeat":"repeat","background-position":"center center","background-size":"auto","background-attachment":"scroll","background-type":"","background-media":"","overlay-type":"","overlay-color":"","overlay-opacity":"","overlay-gradient":""}},"ast-content-background-meta":{"desktop":{"background-color":"var(--ast-global-color-5)","background-image":"","background-repeat":"repeat","background-position":"center center","background-size":"auto","background-attachment":"scroll","background-type":"","background-media":"","overlay-type":"","overlay-color":"","overlay-opacity":"","overlay-gradient":""},"tablet":{"background-color":"var(--ast-global-color-5)","background-image":"","background-repeat":"repeat","background-position":"center center","background-size":"auto","background-attachment":"scroll","background-type":"","background-media":"","overlay-type":"","overlay-color":"","overlay-opacity":"","overlay-gradient":""},"mobile":{"background-color":"var(--ast-global-color-5)","background-image":"","background-repeat":"repeat","background-position":"center center","background-size":"auto","background-attachment":"scroll","background-type":"","background-media":"","overlay-type":"","overlay-color":"","overlay-opacity":"","overlay-gradient":""}}},"product_brand":[860],"product_cat":[368,359],"product_tag":[],"class_list":{"0":"post-6745","1":"product","2":"type-product","3":"status-publish","4":"has-post-thumbnail","6":"product_brand-huiji","7":"product_cat-noix-et-graines","8":"product_cat-snacks","9":"pa_flavor-non-epice","10":"desktop-align-center","11":"tablet-align-center","12":"mobile-align-center","13":"ast-product-gallery-layout-vertical-slider","14":"ast-product-tabs-layout-distributed","15":"ast-qv-after-summary","17":"first","18":"instock","19":"taxable","20":"shipping-taxable","21":"purchasable","22":"product-type-simple"},"acf":[],"uagb_featured_image_src":{"full":["https:\/\/ascarago.com\/wp-content\/uploads\/2026\/03\/huiji-jianguo-qingke-su-286g-front.webp",1200,1200,false],"thumbnail":["https:\/\/ascarago.com\/wp-content\/uploads\/2026\/03\/huiji-jianguo-qingke-su-286g-front-150x150.webp",150,150,true],"medium":["https:\/\/ascarago.com\/wp-content\/uploads\/2026\/03\/huiji-jianguo-qingke-su-286g-front-300x300.webp",300,300,true],"medium_large":["https:\/\/ascarago.com\/wp-content\/uploads\/2026\/03\/huiji-jianguo-qingke-su-286g-front-768x768.webp",768,768,true],"large":["https:\/\/ascarago.com\/wp-content\/uploads\/2026\/03\/huiji-jianguo-qingke-su-286g-front-1024x1024.webp",1024,1024,true],"1536x1536":["https:\/\/ascarago.com\/wp-content\/uploads\/2026\/03\/huiji-jianguo-qingke-su-286g-front.webp",1200,1200,false],"2048x2048":["https:\/\/ascarago.com\/wp-content\/uploads\/2026\/03\/huiji-jianguo-qingke-su-286g-front.webp",1200,1200,false],"alm-thumbnail":["https:\/\/ascarago.com\/wp-content\/uploads\/2026\/03\/huiji-jianguo-qingke-su-286g-front.webp",150,150,false],"woocommerce_thumbnail":["https:\/\/ascarago.com\/wp-content\/uploads\/2026\/03\/huiji-jianguo-qingke-su-286g-front-300x300.webp",300,300,true],"woocommerce_single":["https:\/\/ascarago.com\/wp-content\/uploads\/2026\/03\/huiji-jianguo-qingke-su-286g-front-600x600.webp",600,600,true],"woocommerce_gallery_thumbnail":["https:\/\/ascarago.com\/wp-content\/uploads\/2026\/03\/huiji-jianguo-qingke-su-286g-front-100x100.webp",100,100,true]},"uagb_author_info":{"display_name":"ZHANGYUJIE","author_link":"https:\/\/ascarago.com\/fr\/author\/"},"uagb_comment_info":0,"uagb_excerpt":"\u26a0\ufe0fVeuillez v\u00e9rifier la liste des ingr\u00e9dients pr\u00e9sent\u00e9e dans les images du produit pour \u26a0\ufe0fles allerg\u00e8nes \u00e9ventuels.","_links":{"self":[{"href":"https:\/\/ascarago.com\/fr\/wp-json\/wp\/v2\/product\/6745","targetHints":{"allow":["GET"]}}],"collection":[{"href":"https:\/\/ascarago.com\/fr\/wp-json\/wp\/v2\/product"}],"about":[{"href":"https:\/\/ascarago.com\/fr\/wp-json\/wp\/v2\/types\/product"}],"wp:featuredmedia":[{"embeddable":true,"href":"https:\/\/ascarago.com\/fr\/wp-json\/wp\/v2\/media\/6286"}],"wp:attachment":[{"href":"https:\/\/ascarago.com\/fr\/wp-json\/wp\/v2\/media?parent=6745"}],"wp:term":[{"taxonomy":"product_brand","embeddable":true,"href":"https:\/\/ascarago.com\/fr\/wp-json\/wp\/v2\/product_brand?post=6745"},{"taxonomy":"product_cat","embeddable":true,"href":"https:\/\/ascarago.com\/fr\/wp-json\/wp\/v2\/product_cat?post=6745"},{"taxonomy":"product_tag","embeddable":true,"href":"https:\/\/ascarago.com\/fr\/wp-json\/wp\/v2\/product_tag?post=6745"}],"curies":[{"name":"wp","href":"https:\/\/api.w.org\/{rel}","templated":true}]}}